{"id":72,"date":"2023-11-13T15:06:42","date_gmt":"2023-11-13T14:06:42","guid":{"rendered":"https:\/\/www.cinquieme-balcon.fr\/?page_id=72"},"modified":"2025-11-18T19:17:01","modified_gmt":"2025-11-18T18:17:01","slug":"saison-2023-2024","status":"publish","type":"page","link":"https:\/\/www.cinquieme-balcon.fr\/index.php\/saison-2023-2024\/","title":{"rendered":"Saison 2023-2024"},"content":{"rendered":"\n<div class=\"wp-block-group alignfull has-base-background-color has-background has-global-padding is-layout-constrained wp-container-core-group-is-layout-669513ed wp-block-group-is-layout-constrained\" style=\"margin-top:0;margin-bottom:0;padding-top:var(--wp--preset--spacing--50);padding-right:var(--wp--preset--spacing--50);padding-bottom:var(--wp--preset--spacing--50);padding-left:var(--wp--preset--spacing--50)\">\n<div class=\"wp-block-columns alignwide is-layout-flex wp-container-core-columns-is-layout-28f84493 wp-block-columns-is-layout-flex\">\n<div class=\"wp-block-column is-layout-flow wp-block-column-is-layout-flow\" style=\"flex-basis:60%\">\n<p class=\"has-heading-font-family has-x-large-font-size\" style=\"line-height:1.2\">Tous les comptes-rendus de la saison 2023-2024 ! <\/p>\n\n\n\n<p>Class\u00e9s par cat\u00e9gorie. Je ne suis jamais sorti autant au th\u00e9\u00e2tre ou au mus\u00e9e que cette ann\u00e9e. C&rsquo;\u00e9tait formidable. <\/p>\n<\/div>\n\n\n\n<div class=\"wp-block-column is-layout-flow wp-block-column-is-layout-flow\" style=\"flex-basis:40%\">\n<p class=\"wp-container-content-0733e5d0\">Bient\u00f4t le retour du soleil&#8230; Bon courage !<\/p>\n\n\n\n<figure class=\"wp-block-image aligncenter size-full is-resized wp-duotone-duotone-1\"><img decoding=\"async\" src=\"https:\/\/www.cinquieme-balcon.fr\/wp-content\/uploads\/2023\/11\/IMG_20210522_205118-removebg-preview.png\" alt=\"\" class=\"wp-image-125\" style=\"width:193px;height:auto\"\/><\/figure>\n<\/div>\n<\/div>\n\n\n\n<figure class=\"wp-block-embed is-type-video is-provider-youtube wp-block-embed-youtube wp-embed-aspect-4-3 wp-has-aspect-ratio\"><div class=\"wp-block-embed__wrapper\">\n<iframe loading=\"lazy\" title=\"Lovesick\" width=\"500\" height=\"375\" src=\"https:\/\/www.youtube.com\/embed\/ndh9Smzm5Mw?feature=oembed\" frameborder=\"0\" allow=\"accelerometer; autoplay; clipboard-write; encrypted-media; gyroscope; picture-in-picture; web-share\" referrerpolicy=\"strict-origin-when-cross-origin\" allowfullscreen><\/iframe>\n<\/div><figcaption class=\"wp-element-caption\">Pour vous tenir compagnie.<\/figcaption><\/figure>\n<\/div>\n\n\n\n<div class=\"wp-block-cover alignfull is-light has-parallax\" style=\"padding-top:var(--wp--preset--spacing--50);padding-right:var(--wp--preset--spacing--50);padding-bottom:var(--wp--preset--spacing--50);padding-left:var(--wp--preset--spacing--50);min-height:100vh;aspect-ratio:unset;\"><div class=\"wp-block-cover__image-background wp-image-54 has-parallax\" style=\"background-position:50% 50%;background-image:url(https:\/\/www.cinquieme-balcon.fr\/wp-content\/uploads\/2023\/11\/IMG_20231014_174830-scaled.jpg)\"><\/div><span aria-hidden=\"true\" class=\"wp-block-cover__background has-base-background-color has-background-dim-0 has-background-dim\"><\/span><div class=\"wp-block-cover__inner-container has-global-padding is-layout-constrained wp-container-core-cover-is-layout-e4fd886c wp-block-cover-is-layout-constrained\">\n<div style=\"height:500px\" aria-hidden=\"true\" class=\"wp-block-spacer\"><\/div>\n<\/div><\/div>\n\n\n\n<div class=\"wp-block-group alignfull has-background has-global-padding is-layout-constrained wp-container-core-group-is-layout-d89aad35 wp-block-group-is-layout-constrained\" style=\"background-color:#194054;margin-top:0;margin-bottom:0;padding-top:var(--wp--preset--spacing--50);padding-right:var(--wp--preset--spacing--50);padding-bottom:var(--wp--preset--spacing--50);padding-left:var(--wp--preset--spacing--50)\">\n<div class=\"wp-block-columns alignwide is-layout-flex wp-container-core-columns-is-layout-549b0c86 wp-block-columns-is-layout-flex\">\n<div class=\"wp-block-column has-global-padding is-content-justification-left is-layout-constrained wp-container-core-column-is-layout-4f15e8fe wp-block-column-is-layout-constrained\" style=\"flex-basis:40%\">\n<p class=\"has-background has-heading-font-family has-x-large-font-size\" style=\"background-color:#30303080;line-height:1.2\">Le th\u00e9\u00e2tre et la danse<\/p>\n\n\n\n<p>Une bien belle ann\u00e9e en perspective.<\/p>\n\n\n\n<figure class=\"wp-block-image alignfull size-full wp-duotone-duotone-1\"><img loading=\"lazy\" decoding=\"async\" width=\"577\" height=\"433\" src=\"https:\/\/www.cinquieme-balcon.fr\/wp-content\/uploads\/2023\/11\/IMG_20200329_141935-removebg-preview.png\" alt=\"\" class=\"wp-image-183\" srcset=\"https:\/\/www.cinquieme-balcon.fr\/wp-content\/uploads\/2023\/11\/IMG_20200329_141935-removebg-preview.png 577w, https:\/\/www.cinquieme-balcon.fr\/wp-content\/uploads\/2023\/11\/IMG_20200329_141935-removebg-preview-300x225.png 300w\" sizes=\"auto, (max-width: 577px) 100vw, 577px\" \/><\/figure>\n<\/div>\n\n\n\n<div class=\"wp-block-column is-layout-flow wp-container-core-column-is-layout-119bc444 wp-block-column-is-layout-flow\" style=\"flex-basis:60%\">\n<div class=\"wp-block-columns is-layout-flex wp-container-core-columns-is-layout-87beb0d0 wp-block-columns-is-layout-flex\">\n<div class=\"wp-block-column is-layout-flow wp-block-column-is-layout-flow\">\n<p class=\"has-background wp-container-content-9cfa9a5a\" style=\"background-color:#3030309c\">\u00c0 la <strong>Bastille<\/strong><br><a href=\"https:\/\/www.cinquieme-balcon.fr\/index.php\/2023\/11\/20\/la-grande-maree-mise-en-scene-de-simon-gauchet\/\" data-type=\"post\" data-id=\"208\">La Grande Mar\u00e9e<\/a><\/p>\n\n\n\n<p class=\"has-background\" style=\"background-color:#3030309c\">Au <strong>Th\u00e9\u00e2tre de la Ville<\/strong><br><a href=\"https:\/\/www.cinquieme-balcon.fr\/index.php\/2023\/11\/27\/apres-la-repetition-persona\/\" data-type=\"post\" data-id=\"256\">Apr\u00e8s la r\u00e9p\u00e9tition \/ Persona <\/a><\/p>\n\n\n\n<p class=\"has-background\" style=\"background-color:#3030309c\">\u00c0 la <strong>Cartoucherie<\/strong> <strong>de Vincennes<\/strong><br><a href=\"https:\/\/www.cinquieme-balcon.fr\/index.php\/2023\/10\/23\/les-heroides-mise-en-scene-de-flavia-lorenzi-compagnie-brutaflor\/\" data-type=\"post\" data-id=\"91\">Les H\u00e9ro\u00efdes<\/a>, au Th\u00e9\u00e2tre du Soleil<br><br>Nora, Nora, Nora !, au Th\u00e9\u00e2tre de la Temp\u00eate<\/p>\n\n\n\n<p class=\"has-background wp-container-content-9cfa9a5a\" style=\"background-color:#3030309c\">\u00c0 la <strong>Com\u00e9die fran\u00e7aise<\/strong><br><a href=\"https:\/\/www.cinquieme-balcon.fr\/index.php\/2023\/10\/09\/et-si-cetaient-eux-texte-et-mise-en-scene-de-christophe-montenez-et-jules-sagot\/\" data-type=\"post\" data-id=\"45\">Et si c&rsquo;\u00e9taient eux<\/a><br><br><a href=\"https:\/\/www.cinquieme-balcon.fr\/index.php\/2023\/10\/30\/je-reviens-de-loin-de-claudine-galea-mise-en-scene-de-sandrine-nicolas\/\" data-type=\"post\" data-id=\"136\">Je reviens de loin<\/a><br><br><a href=\"https:\/\/www.cinquieme-balcon.fr\/index.php\/2024\/01\/25\/le-bourgeois-gentilhomme-mise-en-scene-de-valerie-lesort-et-christian-hecq\/\" data-type=\"post\" data-id=\"333\">Le Bourgeois gentilhomme<\/a><br><\/p>\n\n\n\n<p class=\"has-background\" style=\"background-color:#3030309c\">Au <strong>Th\u00e9\u00e2tre 71 Malakoff<\/strong><br><a href=\"https:\/\/www.cinquieme-balcon.fr\/index.php\/2024\/03\/09\/lavare-mise-en-scene-de-benoit-lambert\/\" data-type=\"post\" data-id=\"380\">L&rsquo;Avare<\/a><\/p>\n\n\n\n<p class=\"has-background\" style=\"background-color:#3030309c\">Aux <strong>Bouffes du Nord<\/strong><br>Le jeu des ombres<br><\/p>\n<\/div>\n\n\n\n<div class=\"wp-block-column is-layout-flow wp-block-column-is-layout-flow\">\n<p class=\"has-background\" style=\"background-color:#3030309c\">\u00c0 <strong>Gennevilliers<\/strong><br><a href=\"https:\/\/www.cinquieme-balcon.fr\/index.php\/2023\/11\/19\/par-autan-mise-en-scene-et-scenographie-de-francois-tanguy-creation-du-theatre-du-radeau\/\" data-type=\"post\" data-id=\"202\">Par autan<\/a> <\/p>\n\n\n\n<p class=\"has-background\" style=\"background-color:#3030309c\">\u00c0 l&rsquo;<strong>Od\u00e9on<\/strong><br><a href=\"https:\/\/www.cinquieme-balcon.fr\/index.php\/2023\/10\/06\/the-confessions-texte-et-mise-en-scene-dalexander-zeldin\/\" data-type=\"post\" data-id=\"47\">The Confessions<\/a><br><br><a href=\"https:\/\/www.cinquieme-balcon.fr\/index.php\/2023\/12\/18\/andromaque-stephane-braunschweig\/\" data-type=\"post\" data-id=\"300\">Andromaque<\/a><br><br><a href=\"https:\/\/www.cinquieme-balcon.fr\/index.php\/2024\/02\/21\/les-emigrants-mise-en-scene-de-krystian-lupa\/\" data-type=\"post\" data-id=\"340\">Les \u00c9migrants<\/a><br><br><a href=\"https:\/\/www.cinquieme-balcon.fr\/index.php\/2024\/05\/23\/dom-juan-mise-en-scene-de-macha-makeieff\/\" data-type=\"post\" data-id=\"410\">Dom Juan<\/a><\/p>\n\n\n\n<p class=\"has-background\" style=\"background-color:#3030309c\">Au <strong>Th\u00e9\u00e2tre du Rond-Point <\/strong><br><a href=\"https:\/\/www.cinquieme-balcon.fr\/index.php\/2024\/01\/23\/40-sous-zero-creation-du-munstrum-theatre-mise-en-scene-de-louis-arene\/\" data-type=\"post\" data-id=\"323\">40\u00b0 sous z\u00e9ro <\/a><\/p>\n\n\n\n<p class=\"has-background\" style=\"background-color:#3030309c\">Aux <strong>Amandiers <\/strong><br><a href=\"https:\/\/www.cinquieme-balcon.fr\/index.php\/2023\/11\/13\/monument-0-10-the-living-monument-conception-choregraphie-et-costumes-deszter-salamon\/\" data-type=\"post\" data-id=\"50\">Monument 0.10 : The Living Monument <\/a><br><br>Le Malade imaginaire ou Le Silence de Moli\u00e8re<\/p>\n\n\n\n<p class=\"has-background\" style=\"background-color:#3030309c\">\u00c0 la <strong>MC93<\/strong><br><a href=\"https:\/\/www.cinquieme-balcon.fr\/index.php\/2023\/10\/26\/le-jardin-des-delices-mise-en-scene-de-philippe-quesne\/\" data-type=\"post\" data-id=\"97\">Le jardin des d\u00e9lices<\/a><br><a href=\"https:\/\/www.cinquieme-balcon.fr\/index.php\/2023\/12\/02\/la-vengeance-est-un-plat-creation-de-sophie-perez-et-la-compagnie-du-zerep\/\" data-type=\"post\" data-id=\"271\">La vengeance est un plat<\/a><br><br><a href=\"https:\/\/www.cinquieme-balcon.fr\/index.php\/2023\/12\/14\/extra-life-gisele-vienne\/\" data-type=\"post\" data-id=\"288\">Extra Life<\/a><br><br>Art. 13 (danse)<\/p>\n<\/div>\n<\/div>\n<\/div>\n<\/div>\n<\/div>\n\n\n\n<div class=\"wp-block-columns alignwide is-layout-flex wp-container-core-columns-is-layout-d2da2050 wp-block-columns-is-layout-flex\" style=\"margin-bottom:0\">\n<div class=\"wp-block-column is-vertically-aligned-top has-contrast-color has-accent-background-color has-text-color has-background has-link-color wp-elements-ff047060aff9ee06023288d5103f4256 is-layout-flow wp-block-column-is-layout-flow\" style=\"padding-top:2em;padding-right:2em;padding-bottom:2em;padding-left:2em\">\n<h2 class=\"wp-block-heading\" id=\"family\" style=\"font-size:clamp(24.034px, 1.502rem + ((1vw - 3.2px) * 1.663), 40px);\"><strong>Les expos<\/strong><\/h2>\n\n\n\n<hr class=\"wp-block-separator has-css-opacity is-style-wide\"\/>\n\n\n\n<p class=\"has-contrast-color has-text-color has-link-color wp-elements-8c3e2f71d2235417f899f6011b68570d\"><strong>Mus\u00e9e d&rsquo;art moderne <\/strong><\/p>\n\n\n\n<ul class=\"wp-block-list\">\n<li><a href=\"https:\/\/www.cinquieme-balcon.fr\/index.php\/2023\/11\/03\/dana-schutz-le-monde-visible-commissariat-de-fabrice-hergott-et-anael-pigeat\/\" data-type=\"post\" data-id=\"139\">Dana Schutz<\/a><\/li>\n\n\n\n<li><a href=\"https:\/\/www.cinquieme-balcon.fr\/index.php\/2024\/01\/05\/nicolas-de-stael-commissariat-de-charlott-barat-et-pierre-wat\/\" data-type=\"post\" data-id=\"316\">Nicolas de Sta\u00ebl <\/a><\/li>\n\n\n\n<li>Jean H\u00e9lion (\u00e0 venir)<\/li>\n<\/ul>\n\n\n\n<p><strong>Palais Galliera <\/strong><\/p>\n\n\n\n<ul class=\"wp-block-list\">\n<li><a href=\"https:\/\/www.cinquieme-balcon.fr\/index.php\/2023\/11\/14\/azzedine-alaia-couturier-collectionneur-commissariat-de-miren-arzalluz-et-olivier-saillard\/\" data-type=\"post\" data-id=\"173\">Azzedine Ala\u00efa<\/a><\/li>\n<\/ul>\n\n\n\n<p><strong>Fondation Louis Vuitton<\/strong><\/p>\n\n\n\n<ul class=\"wp-block-list\">\n<li><a href=\"https:\/\/www.cinquieme-balcon.fr\/index.php\/2024\/04\/01\/mark-rothko-commissariat-de-suzanne-page-christopher-rothko-et-alii\/\" data-type=\"post\" data-id=\"399\">Mark Rothko<\/a> <\/li>\n<\/ul>\n\n\n\n<p><strong>Mus\u00e9e des Arts D\u00e9coratifs<\/strong><\/p>\n\n\n\n<ul class=\"wp-block-list\">\n<li>Iris Van Herpen <\/li>\n<\/ul>\n\n\n\n<p><strong>Petit Palais<\/strong><\/p>\n\n\n\n<ul class=\"wp-block-list\">\n<li><a href=\"https:\/\/www.cinquieme-balcon.fr\/index.php\/2024\/04\/07\/le-paris-de-la-modernite-commissariat-dannick-lemoine-et-juliette-singer\/\" data-type=\"post\" data-id=\"405\">Le Paris de la modernit\u00e9 <\/a><\/li>\n<\/ul>\n\n\n\n<p><strong>Mus\u00e9e Zadkine<\/strong><\/p>\n\n\n\n<ul class=\"wp-block-list\">\n<li>Chana Orloff<\/li>\n<\/ul>\n<\/div>\n\n\n\n<div class=\"wp-block-column has-contrast-color has-text-color has-background has-link-color wp-elements-7a7cc538c69c857d57188c0b67246bd6 is-layout-flow wp-block-column-is-layout-flow\" style=\"background-color:#194054;padding-top:2em;padding-right:2em;padding-bottom:2em;padding-left:2em\">\n<h2 class=\"wp-block-heading\" id=\"patron\" style=\"font-size:clamp(24.034px, 1.502rem + ((1vw - 3.2px) * 1.663), 40px);\"><strong>Le cin\u00e9<\/strong><\/h2>\n\n\n\n<hr class=\"wp-block-separator has-css-opacity is-style-wide\"\/>\n\n\n\n<ul class=\"wp-block-list\">\n<li><a href=\"https:\/\/www.cinquieme-balcon.fr\/index.php\/2023\/11\/24\/le-garcon-et-le-heron-realise-par-hayao-miyazaki-studio-ghibli\/\" data-type=\"post\" data-id=\"248\">Le Gar\u00e7on et le h\u00e9ron<\/a><\/li>\n\n\n\n<li>Mars Express <\/li>\n\n\n\n<li>Anatomie d&rsquo;une chute<\/li>\n\n\n\n<li>Les Feuilles Mortes <\/li>\n\n\n\n<li>Pauvres Cr\u00e9atures<\/li>\n<\/ul>\n<\/div>\n<\/div>\n","protected":false},"excerpt":{"rendered":"<p>Tous les comptes-rendus de la saison 2023-2024 ! Class\u00e9s par cat\u00e9gorie. Je ne suis jamais sorti autant au th\u00e9\u00e2tre ou au mus\u00e9e que cette ann\u00e9e. C&rsquo;\u00e9tait formidable. Bient\u00f4t le retour du soleil&#8230; Bon courage ! Le th\u00e9\u00e2tre et la danse Une bien belle ann\u00e9e en perspective. \u00c0 la BastilleLa Grande Mar\u00e9e Au Th\u00e9\u00e2tre de la [&hellip;]<\/p>\n","protected":false},"author":4,"featured_media":0,"parent":0,"menu_order":0,"comment_status":"closed","ping_status":"closed","template":"","meta":{"footnotes":""},"class_list":["post-72","page","type-page","status-publish","hentry"],"_links":{"self":[{"href":"https:\/\/www.cinquieme-balcon.fr\/index.php\/wp-json\/wp\/v2\/pages\/72","targetHints":{"allow":["GET"]}}],"collection":[{"href":"https:\/\/www.cinquieme-balcon.fr\/index.php\/wp-json\/wp\/v2\/pages"}],"about":[{"href":"https:\/\/www.cinquieme-balcon.fr\/index.php\/wp-json\/wp\/v2\/types\/page"}],"author":[{"embeddable":true,"href":"https:\/\/www.cinquieme-balcon.fr\/index.php\/wp-json\/wp\/v2\/users\/4"}],"replies":[{"embeddable":true,"href":"https:\/\/www.cinquieme-balcon.fr\/index.php\/wp-json\/wp\/v2\/comments?post=72"}],"version-history":[{"count":41,"href":"https:\/\/www.cinquieme-balcon.fr\/index.php\/wp-json\/wp\/v2\/pages\/72\/revisions"}],"predecessor-version":[{"id":483,"href":"https:\/\/www.cinquieme-balcon.fr\/index.php\/wp-json\/wp\/v2\/pages\/72\/revisions\/483"}],"wp:attachment":[{"href":"https:\/\/www.cinquieme-balcon.fr\/index.php\/wp-json\/wp\/v2\/media?parent=72"}],"curies":[{"name":"wp","href":"https:\/\/api.w.org\/{rel}","templated":true}]}}