{"id":460,"date":"2025-11-18T18:19:08","date_gmt":"2025-11-18T17:19:08","guid":{"rendered":"https:\/\/www.cinquieme-balcon.fr\/?page_id=460"},"modified":"2025-11-18T19:13:21","modified_gmt":"2025-11-18T18:13:21","slug":"saison-2025-2026","status":"publish","type":"page","link":"https:\/\/www.cinquieme-balcon.fr\/index.php\/saison-2025-2026\/","title":{"rendered":"Saison 2025-2026"},"content":{"rendered":"\n<div class=\"wp-block-group alignfull has-accent-2-background-color has-background has-global-padding is-layout-constrained wp-container-core-group-is-layout-669513ed wp-block-group-is-layout-constrained\" style=\"margin-top:0;margin-bottom:0;padding-top:var(--wp--preset--spacing--50);padding-right:var(--wp--preset--spacing--50);padding-bottom:var(--wp--preset--spacing--50);padding-left:var(--wp--preset--spacing--50)\">\n<div class=\"wp-block-columns alignwide is-layout-flex wp-container-core-columns-is-layout-1da03c2a wp-block-columns-is-layout-flex\">\n<div class=\"wp-block-column is-vertically-aligned-stretch is-layout-flow wp-block-column-is-layout-flow\" style=\"flex-basis:50%\">\n<h2 class=\"wp-block-heading\">Esp\u00e9rons que je verrai plus de choses que l&rsquo;ann\u00e9e derni\u00e8re&#8230;<\/h2>\n\n\n\n<p>Ce n&rsquo;est pas gagn\u00e9 ! Mais tentons tout de m\u00eame. N&rsquo;h\u00e9sitez pas \u00e0 cliquer sur les titres soulign\u00e9s pour acc\u00e9der \u00e0 la critique correspondante. <\/p>\n\n\n\n<figure class=\"wp-block-embed alignleft is-type-video is-provider-youtube wp-block-embed-youtube wp-embed-aspect-4-3 wp-has-aspect-ratio\"><div class=\"wp-block-embed__wrapper\">\n<iframe loading=\"lazy\" title=\"Last Train Home\" width=\"500\" height=\"375\" src=\"https:\/\/www.youtube.com\/embed\/Tb6h7rjRAYs?feature=oembed\" frameborder=\"0\" allow=\"accelerometer; autoplay; clipboard-write; encrypted-media; gyroscope; picture-in-picture; web-share\" referrerpolicy=\"strict-origin-when-cross-origin\" allowfullscreen><\/iframe>\n<\/div><figcaption class=\"wp-element-caption\">En guise d&rsquo;accompagnement.<\/figcaption><\/figure>\n\n\n\n<figure class=\"wp-block-image size-full is-resized wp-duotone-duotone-1\"><img loading=\"lazy\" decoding=\"async\" width=\"591\" height=\"444\" src=\"https:\/\/www.cinquieme-balcon.fr\/wp-content\/uploads\/2025\/11\/oreste-royal.png\" alt=\"\" class=\"wp-image-472\" style=\"width:393px;height:auto\" srcset=\"https:\/\/www.cinquieme-balcon.fr\/wp-content\/uploads\/2025\/11\/oreste-royal.png 591w, https:\/\/www.cinquieme-balcon.fr\/wp-content\/uploads\/2025\/11\/oreste-royal-300x225.png 300w\" sizes=\"auto, (max-width: 591px) 100vw, 591px\" \/><\/figure>\n<\/div>\n\n\n\n<div class=\"wp-block-column is-vertically-aligned-center is-layout-flow wp-block-column-is-layout-flow\" style=\"flex-basis:50%\">\n<figure class=\"wp-block-image size-large is-style-rounded is-style-rounded--1\"><img loading=\"lazy\" decoding=\"async\" width=\"1024\" height=\"768\" src=\"https:\/\/www.cinquieme-balcon.fr\/wp-content\/uploads\/2025\/11\/20250731_121924-1-1024x768.jpg\" alt=\"\" class=\"wp-image-470\" style=\"aspect-ratio:3\/4;object-fit:cover\" srcset=\"https:\/\/www.cinquieme-balcon.fr\/wp-content\/uploads\/2025\/11\/20250731_121924-1-1024x768.jpg 1024w, https:\/\/www.cinquieme-balcon.fr\/wp-content\/uploads\/2025\/11\/20250731_121924-1-300x225.jpg 300w, https:\/\/www.cinquieme-balcon.fr\/wp-content\/uploads\/2025\/11\/20250731_121924-1-768x576.jpg 768w, https:\/\/www.cinquieme-balcon.fr\/wp-content\/uploads\/2025\/11\/20250731_121924-1-1536x1152.jpg 1536w, https:\/\/www.cinquieme-balcon.fr\/wp-content\/uploads\/2025\/11\/20250731_121924-1-2048x1536.jpg 2048w\" sizes=\"auto, (max-width: 1024px) 100vw, 1024px\" \/><figcaption class=\"wp-element-caption\">Marseille&#8230; <\/figcaption><\/figure>\n<\/div>\n<\/div>\n<\/div>\n\n\n\n<div class=\"wp-block-group alignwide has-base-background-color has-background has-global-padding is-content-justification-center is-layout-constrained wp-container-core-group-is-layout-733701de wp-block-group-is-layout-constrained\" style=\"margin-top:0;margin-bottom:0;padding-top:var(--wp--preset--spacing--50);padding-right:var(--wp--preset--spacing--50);padding-bottom:var(--wp--preset--spacing--50);padding-left:var(--wp--preset--spacing--50)\">\n<div class=\"wp-block-columns alignfull is-layout-flex wp-container-core-columns-is-layout-549b0c86 wp-block-columns-is-layout-flex\">\n<div class=\"wp-block-column is-vertically-aligned-stretch is-layout-flow wp-container-core-column-is-layout-119bc444 wp-block-column-is-layout-flow\" style=\"flex-basis:60%\">\n<p class=\"has-accent-2-background-color has-background has-heading-font-family has-x-large-font-size\" style=\"line-height:1.2\">Voil\u00e0 pour le peu que j&rsquo;ai vu jusqu&rsquo;ici. <\/p>\n\n\n\n<div class=\"wp-block-columns alignwide is-layout-flex wp-container-core-columns-is-layout-d2da2050 wp-block-columns-is-layout-flex\" style=\"margin-bottom:0\">\n<div class=\"wp-block-column has-contrast-color has-text-color has-background has-link-color wp-elements-88783212c27bd87faee5b748c56a9eb9 is-layout-flow wp-block-column-is-layout-flow\" style=\"background-color:#9f3414;padding-top:2em;padding-right:2em;padding-bottom:2em;padding-left:2em\">\n<h2 class=\"wp-block-heading\" id=\"single\" style=\"font-size:clamp(24.034px, 1.502rem + ((1vw - 3.2px) * 1.663), 40px);\"><strong>Th\u00e9\u00e2tre<\/strong><\/h2>\n\n\n\n<hr class=\"wp-block-separator has-text-color has-css-opacity has-background is-style-wide\" style=\"background-color:#000000;color:#000000\"\/>\n\n\n\n<ul class=\"wp-block-list has-normal-font-size\">\n<li><em>Le Misanthrope<\/em> &#8211;  Mise en sc\u00e8ne de Cl\u00e9ment Hervieu-L\u00e9ger (Com\u00e9die-Fran\u00e7aise)<\/li>\n\n\n\n<li><a href=\"https:\/\/www.cinquieme-balcon.fr\/index.php\/2025\/11\/18\/le-paradoxe-de-john-mise-en-scene-de-philippe-quesne\/\" data-type=\"post\" data-id=\"456\"><em>Le paradoxe de John<\/em> \u2013 Mise en sc\u00e8ne de Philippe Quesne<\/a>, \u00e0 La Commune<\/li>\n<\/ul>\n<\/div>\n\n\n\n<div class=\"wp-block-column has-contrast-color has-text-color has-background has-link-color wp-elements-644deaeefedb502750eb8fae8edc0a62 is-layout-flow wp-block-column-is-layout-flow\" style=\"background-color:#7f4511;padding-top:2em;padding-right:2em;padding-bottom:2em;padding-left:2em\">\n<h2 class=\"wp-block-heading\" id=\"family\" style=\"font-size:clamp(24.034px, 1.502rem + ((1vw - 3.2px) * 1.663), 40px);\"><strong>Expo<\/strong><\/h2>\n\n\n\n<hr class=\"wp-block-separator has-css-opacity is-style-wide\"\/>\n\n\n\n<ul class=\"wp-block-list has-normal-font-size\">\n<li>&#8230; rien ? <\/li>\n<\/ul>\n<\/div>\n\n\n\n<div class=\"wp-block-column has-contrast-color has-text-color has-background has-link-color wp-elements-8ee86488da96a676de69adcd5090c0fe is-layout-flow wp-block-column-is-layout-flow\" style=\"background-color:#bc7218;padding-top:2em;padding-right:2em;padding-bottom:2em;padding-left:2em\">\n<h2 class=\"wp-block-heading\" id=\"patron\" style=\"font-size:clamp(24.034px, 1.502rem + ((1vw - 3.2px) * 1.663), 40px);\"><strong>Cin\u00e9ma<\/strong><\/h2>\n\n\n\n<hr class=\"wp-block-separator has-css-opacity is-style-wide\"\/>\n\n\n\n<ul class=\"wp-block-list has-normal-font-size\">\n<li>&#8230; rien. <\/li>\n<\/ul>\n<\/div>\n<\/div>\n<\/div>\n<\/div>\n\n\n\n<figure class=\"wp-block-image aligncenter size-full is-resized\"><img loading=\"lazy\" decoding=\"async\" width=\"332\" height=\"443\" src=\"https:\/\/www.cinquieme-balcon.fr\/wp-content\/uploads\/2025\/11\/oreste-guepard.png\" alt=\"\" class=\"wp-image-471\" style=\"width:336px;height:auto\" srcset=\"https:\/\/www.cinquieme-balcon.fr\/wp-content\/uploads\/2025\/11\/oreste-guepard.png 332w, https:\/\/www.cinquieme-balcon.fr\/wp-content\/uploads\/2025\/11\/oreste-guepard-225x300.png 225w\" sizes=\"auto, (max-width: 332px) 100vw, 332px\" \/><figcaption class=\"wp-element-caption\">Bonne journ\u00e9e ! <\/figcaption><\/figure>\n<\/div>\n","protected":false},"excerpt":{"rendered":"<p>Esp\u00e9rons que je verrai plus de choses que l&rsquo;ann\u00e9e derni\u00e8re&#8230; Ce n&rsquo;est pas gagn\u00e9 ! Mais tentons tout de m\u00eame. N&rsquo;h\u00e9sitez pas \u00e0 cliquer sur les titres soulign\u00e9s pour acc\u00e9der \u00e0 la critique correspondante. Voil\u00e0 pour le peu que j&rsquo;ai vu jusqu&rsquo;ici. Th\u00e9\u00e2tre Expo Cin\u00e9ma<\/p>\n","protected":false},"author":4,"featured_media":0,"parent":0,"menu_order":0,"comment_status":"closed","ping_status":"closed","template":"","meta":{"footnotes":""},"class_list":["post-460","page","type-page","status-publish","hentry"],"_links":{"self":[{"href":"https:\/\/www.cinquieme-balcon.fr\/index.php\/wp-json\/wp\/v2\/pages\/460","targetHints":{"allow":["GET"]}}],"collection":[{"href":"https:\/\/www.cinquieme-balcon.fr\/index.php\/wp-json\/wp\/v2\/pages"}],"about":[{"href":"https:\/\/www.cinquieme-balcon.fr\/index.php\/wp-json\/wp\/v2\/types\/page"}],"author":[{"embeddable":true,"href":"https:\/\/www.cinquieme-balcon.fr\/index.php\/wp-json\/wp\/v2\/users\/4"}],"replies":[{"embeddable":true,"href":"https:\/\/www.cinquieme-balcon.fr\/index.php\/wp-json\/wp\/v2\/comments?post=460"}],"version-history":[{"count":7,"href":"https:\/\/www.cinquieme-balcon.fr\/index.php\/wp-json\/wp\/v2\/pages\/460\/revisions"}],"predecessor-version":[{"id":481,"href":"https:\/\/www.cinquieme-balcon.fr\/index.php\/wp-json\/wp\/v2\/pages\/460\/revisions\/481"}],"wp:attachment":[{"href":"https:\/\/www.cinquieme-balcon.fr\/index.php\/wp-json\/wp\/v2\/media?parent=460"}],"curies":[{"name":"wp","href":"https:\/\/api.w.org\/{rel}","templated":true}]}}